{"id":20,"date":"2012-10-20T15:23:28","date_gmt":"2012-10-20T13:23:28","guid":{"rendered":"http:\/\/chajpa.pl\/krewaktywni\/?page_id=20"},"modified":"2014-12-08T22:01:52","modified_gmt":"2014-12-08T21:01:52","slug":"krwiodawstwo","status":"publish","type":"page","link":"https:\/\/krewaktywni.org\/index.php\/dzialalnosc\/krwiodawstwo\/","title":{"rendered":"Krwiodawstwo"},"content":{"rendered":"<h1>Honorowe Krwiodawstwo<\/h1>\n<p>&nbsp;<\/p>\n<h1 style=\"text-align: center;\">ZEBRALI\u015aMY JU\u017b<\/h1>\n<h1 style=\"text-align: center;\">ponad 3000 litr\u00f3w krwi<\/h1>\n<p style=\"text-align: right;\">&nbsp;<\/p>\n<p style=\"text-align: left;\">&nbsp;<\/p>\n<h2 style=\"text-align: left;\"><strong>Jak zosta\u0107 Honorowym Dawc\u0105 Krwi<\/strong><strong> <\/strong><\/h2>\n<p style=\"text-align: left;\"><strong>Wymagania dla krwiodawc\u00f3w:<\/strong><\/p>\n<ul style=\"text-align: left;\">\n<li>Wiek: 18-65 lat; Waga: min. 50 kg;<\/li>\n<li>Dobry stan zdrowia<\/li>\n<li>Posiadanie dokumentu potwierdzaj\u0105cego to\u017csamo\u015b\u0107<\/li>\n<\/ul>\n<p style=\"text-align: left;\"><strong>Procedura oddania krwi<\/strong><\/p>\n<ul style=\"text-align: left;\">\n<li>Przed: wypi\u0107\u00a0 litr p\u0142yn\u00f3w, zje\u015b\u0107 lekki posi\u0142ek,<\/li>\n<li>Wype\u0142nienie ankiety dotycz\u0105cej stanu zdrowia,<\/li>\n<li>Rejestracja,<\/li>\n<li>Pobranie pr\u00f3bki krwi do bada\u0144<\/li>\n<\/ul>\n<p style=\"text-align: left;\">(hemoglobina, morfologia oraz grupa krwi),<\/p>\n<ul style=\"text-align: left;\">\n<li>Wizyta lekarska (badanie, wywiad, kwalifikacja),<\/li>\n<li>W przypadku zakwalifikowanie si\u0119 \u2013 oddanie krwi,<\/li>\n<li>Regeneracja (posi\u0142ek kaloryczny, odpoczynek),<\/li>\n<\/ul>\n<p style=\"text-align: left;\"><strong>Donacje: <\/strong><\/p>\n<p style=\"text-align: left;\"><span style=\"text-decoration: underline;\">Krew pe\u0142na:<\/span> 450ml, przerwa po oddaniu min. 8 tyg.,<\/p>\n<p style=\"text-align: left;\">Maks. ilo\u015b\u0107 odda\u0144 w roku: kobiety-4, m\u0119\u017cczy\u017ani-6<\/p>\n<p style=\"text-align: left;\"><span style=\"text-decoration: underline;\">P\u0142ytki krwi:<\/span> przerwa po oddaniu min. 4 tyg.,<\/p>\n<p style=\"text-align: left;\">Maks ilo\u015b\u0107 odda\u0144 w roku: 12<\/p>\n<p style=\"text-align: left;\"><span style=\"text-decoration: underline;\">Osocze:<\/span> 600ml, przerwa po oddaniu min. 2 tyg.,<\/p>\n<p style=\"text-align: left;\">Maks. ilo\u015b\u0107 odda\u0144 w roku: 20 (nie wi\u0119cej ni\u017c 25 litr\u00f3w)<\/p>\n<p style=\"text-align: left;\"><strong>Gdzie mo\u017cna odda\u0107 krew?<\/strong><\/p>\n<p style=\"text-align: left;\">Regionalne Centrum Krwiodawstwa i Krwiolecznictwa:<\/p>\n<p style=\"text-align: left;\"><span style=\"text-decoration: underline;\">GDA\u0143SK<\/span> Wrzeszcz: ul. Hoene Wro\u0144skiego 4<\/p>\n<p style=\"text-align: left;\"><span style=\"text-decoration: underline;\">GDYNIA<\/span> Red\u0142owo: ul. Powstania Styczniowego 9b<\/p>\n<p style=\"text-align: left;\">Krew mo\u017cna odda\u0107 r\u00f3wnie\u017c na akcjach wyjazdowych.<\/p>\n<p style=\"text-align: left;\">&nbsp;<\/p>\n<h2>Zorganizuj z nami zbi\u00f3rk\u0119 krwi<\/h2>\n<p>W szkole, na uczelni, w pracy, na festynie, przy ko\u015bciele&#8230; tam gdzie b\u0119dzie sporo potencjalnych dawc\u00f3w krwi i b\u0119dziemy mogli zebra\u0107 sporo tak potrzebnej do ratowania zdrowia i \u017cycia krwi.<\/p>\n<p>Po wi\u0119cej szczeg\u00f3\u0142\u00f3w &#8211; skontaktuj si\u0119 z nami \ud83d\ude42<\/p>\n<p>&nbsp;<\/p>\n<p><a href=\"https:\/\/krewaktywni.org\/wp-content\/uploads\/2012\/10\/IMG_7874.jpg\"><\/a><a href=\"https:\/\/krewaktywni.org\/wp-content\/uploads\/2012\/10\/IMG_7874.jpg\"><img loading=\"lazy\" class=\"aligncenter size-large wp-image-593\" title=\"_\" src=\"https:\/\/krewaktywni.org\/wp-content\/uploads\/2012\/10\/IMG_7874-1024x682.jpg\" alt=\"\" width=\"665\" height=\"442\" srcset=\"https:\/\/krewaktywni.org\/wp-content\/uploads\/2012\/10\/IMG_7874-1024x682.jpg 1024w, https:\/\/krewaktywni.org\/wp-content\/uploads\/2012\/10\/IMG_7874-300x200.jpg 300w, https:\/\/krewaktywni.org\/wp-content\/uploads\/2012\/10\/IMG_7874-120x80.jpg 120w\" sizes=\"(max-width: 665px) 100vw, 665px\" \/><\/a><\/p>\n<p style=\"text-align: left;\">&nbsp;<\/p>\n","protected":false},"excerpt":{"rendered":"<p>Honorowe Krwiodawstwo &nbsp; ZEBRALI\u015aMY JU\u017b ponad 3000 litr\u00f3w krwi &nbsp; &nbsp; Jak zosta\u0107 Honorowym Dawc\u0105 Krwi Wymagania dla krwiodawc\u00f3w: Wiek: 18-65 lat; Waga: min. 50 kg; Dobry stan zdrowia Posiadanie dokumentu potwierdzaj\u0105cego to\u017csamo\u015b\u0107 Procedura oddania krwi Przed: wypi\u0107\u00a0 litr p\u0142yn\u00f3w, zje\u015b\u0107 lekki posi\u0142ek, Wype\u0142nienie ankiety dotycz\u0105cej stanu zdrowia, Rejestracja, Pobranie pr\u00f3bki krwi do bada\u0144 (hemoglobina, [&hellip;]<\/p>\n","protected":false},"author":1,"featured_media":0,"parent":18,"menu_order":1,"comment_status":"open","ping_status":"open","template":"","meta":[],"_links":{"self":[{"href":"https:\/\/krewaktywni.org\/index.php\/wp-json\/wp\/v2\/pages\/20"}],"collection":[{"href":"https:\/\/krewaktywni.org\/index.php\/wp-json\/wp\/v2\/pages"}],"about":[{"href":"https:\/\/krewaktywni.org\/index.php\/wp-json\/wp\/v2\/types\/page"}],"author":[{"embeddable":true,"href":"https:\/\/krewaktywni.org\/index.php\/wp-json\/wp\/v2\/users\/1"}],"replies":[{"embeddable":true,"href":"https:\/\/krewaktywni.org\/index.php\/wp-json\/wp\/v2\/comments?post=20"}],"version-history":[{"count":17,"href":"https:\/\/krewaktywni.org\/index.php\/wp-json\/wp\/v2\/pages\/20\/revisions"}],"predecessor-version":[{"id":716,"href":"https:\/\/krewaktywni.org\/index.php\/wp-json\/wp\/v2\/pages\/20\/revisions\/716"}],"up":[{"embeddable":true,"href":"https:\/\/krewaktywni.org\/index.php\/wp-json\/wp\/v2\/pages\/18"}],"wp:attachment":[{"href":"https:\/\/krewaktywni.org\/index.php\/wp-json\/wp\/v2\/media?parent=20"}],"curies":[{"name":"wp","href":"https:\/\/api.w.org\/{rel}","templated":true}]}}