{"id":29,"date":"2012-10-20T15:25:37","date_gmt":"2012-10-20T13:25:37","guid":{"rendered":"http:\/\/chajpa.pl\/krewaktywni\/?page_id=29"},"modified":"2015-01-10T18:18:33","modified_gmt":"2015-01-10T17:18:33","slug":"sport","status":"publish","type":"page","link":"https:\/\/krewaktywni.org\/index.php\/dzialalnosc\/sport\/","title":{"rendered":"Sport"},"content":{"rendered":"<div>\n<p><strong>\u201eSp\u0119d\u017a sobot\u0119 aktywnie, wp\u0142ynie to na Ciebie pozytywnie!\u201d<\/strong><\/p>\n<p><a href=\"https:\/\/krewaktywni.org\/wp-content\/uploads\/2012\/10\/Regulamin.pdf\">Regulamin<\/a> udzia\u0142u w zaj\u0119ciach.<\/p>\n<p>&nbsp;<\/p>\n<\/div>\n<p><strong>CAPOEIRA!<\/strong><\/p>\n<p><a href=\"https:\/\/krewaktywni.org\/wp-content\/uploads\/2012\/10\/capoeira.3.jpg\"><img loading=\"lazy\" class=\"alignnone size-medium wp-image-669\" title=\"capoeira!.3\" src=\"https:\/\/krewaktywni.org\/wp-content\/uploads\/2012\/10\/capoeira.3-300x200.jpg\" alt=\"\" width=\"300\" height=\"200\" srcset=\"https:\/\/krewaktywni.org\/wp-content\/uploads\/2012\/10\/capoeira.3-300x200.jpg 300w, https:\/\/krewaktywni.org\/wp-content\/uploads\/2012\/10\/capoeira.3-120x80.jpg 120w, https:\/\/krewaktywni.org\/wp-content\/uploads\/2012\/10\/capoeira.3.jpg 960w\" sizes=\"(max-width: 300px) 100vw, 300px\" \/><\/a> <a href=\"https:\/\/krewaktywni.org\/wp-content\/uploads\/2012\/10\/capoeira.4.jpg\"><img loading=\"lazy\" class=\"alignnone size-medium wp-image-670\" title=\"capoeira!.4\" src=\"https:\/\/krewaktywni.org\/wp-content\/uploads\/2012\/10\/capoeira.4-300x200.jpg\" alt=\"\" width=\"300\" height=\"200\" srcset=\"https:\/\/krewaktywni.org\/wp-content\/uploads\/2012\/10\/capoeira.4-300x200.jpg 300w, https:\/\/krewaktywni.org\/wp-content\/uploads\/2012\/10\/capoeira.4-120x80.jpg 120w, https:\/\/krewaktywni.org\/wp-content\/uploads\/2012\/10\/capoeira.4.jpg 960w\" sizes=\"(max-width: 300px) 100vw, 300px\" \/><\/a><\/p>\n<p><a href=\"https:\/\/krewaktywni.org\/wp-content\/uploads\/2012\/10\/capoeira.5.jpg\"><img loading=\"lazy\" class=\"alignnone size-medium wp-image-671\" title=\"capoeira!.5\" src=\"https:\/\/krewaktywni.org\/wp-content\/uploads\/2012\/10\/capoeira.5-300x200.jpg\" alt=\"\" width=\"300\" height=\"200\" srcset=\"https:\/\/krewaktywni.org\/wp-content\/uploads\/2012\/10\/capoeira.5-300x200.jpg 300w, https:\/\/krewaktywni.org\/wp-content\/uploads\/2012\/10\/capoeira.5-120x80.jpg 120w, https:\/\/krewaktywni.org\/wp-content\/uploads\/2012\/10\/capoeira.5.jpg 960w\" sizes=\"(max-width: 300px) 100vw, 300px\" \/><\/a> <a href=\"https:\/\/krewaktywni.org\/wp-content\/uploads\/2012\/10\/capoeira.6.jpg\"><img loading=\"lazy\" class=\"alignnone size-medium wp-image-672\" title=\"capoeira!.6\" src=\"https:\/\/krewaktywni.org\/wp-content\/uploads\/2012\/10\/capoeira.6-300x200.jpg\" alt=\"\" width=\"300\" height=\"200\" srcset=\"https:\/\/krewaktywni.org\/wp-content\/uploads\/2012\/10\/capoeira.6-300x200.jpg 300w, https:\/\/krewaktywni.org\/wp-content\/uploads\/2012\/10\/capoeira.6-120x80.jpg 120w, https:\/\/krewaktywni.org\/wp-content\/uploads\/2012\/10\/capoeira.6.jpg 960w\" sizes=\"(max-width: 300px) 100vw, 300px\" \/><\/a><\/p>\n<p><a href=\"https:\/\/krewaktywni.org\/wp-content\/uploads\/2012\/10\/capoeira.11.jpg\"><img loading=\"lazy\" class=\"alignnone size-medium wp-image-673\" title=\"capoeira!.1\" src=\"https:\/\/krewaktywni.org\/wp-content\/uploads\/2012\/10\/capoeira.11-300x200.jpg\" alt=\"\" width=\"300\" height=\"200\" srcset=\"https:\/\/krewaktywni.org\/wp-content\/uploads\/2012\/10\/capoeira.11-300x200.jpg 300w, https:\/\/krewaktywni.org\/wp-content\/uploads\/2012\/10\/capoeira.11-120x80.jpg 120w, https:\/\/krewaktywni.org\/wp-content\/uploads\/2012\/10\/capoeira.11.jpg 960w\" sizes=\"(max-width: 300px) 100vw, 300px\" \/><\/a> <a href=\"https:\/\/krewaktywni.org\/wp-content\/uploads\/2012\/10\/capoeira.21.jpg\"><img loading=\"lazy\" class=\"alignnone size-medium wp-image-674\" title=\"capoeira!.2\" src=\"https:\/\/krewaktywni.org\/wp-content\/uploads\/2012\/10\/capoeira.21-300x200.jpg\" alt=\"\" width=\"300\" height=\"200\" srcset=\"https:\/\/krewaktywni.org\/wp-content\/uploads\/2012\/10\/capoeira.21-300x200.jpg 300w, https:\/\/krewaktywni.org\/wp-content\/uploads\/2012\/10\/capoeira.21-120x80.jpg 120w, https:\/\/krewaktywni.org\/wp-content\/uploads\/2012\/10\/capoeira.21.jpg 625w\" sizes=\"(max-width: 300px) 100vw, 300px\" \/><\/a><\/p>\n<p><strong>ZUMBA!<\/strong><\/p>\n<p><a href=\"https:\/\/krewaktywni.org\/wp-content\/uploads\/2012\/10\/10013961_289012487921231_921983672_n.jpg\"><img loading=\"lazy\" class=\"alignnone size-thumbnail wp-image-632\" title=\"zumba!\" src=\"https:\/\/krewaktywni.org\/wp-content\/uploads\/2012\/10\/10013961_289012487921231_921983672_n-150x150.jpg\" alt=\"\" width=\"150\" height=\"150\" \/><\/a><a href=\"https:\/\/krewaktywni.org\/wp-content\/uploads\/2012\/10\/1512290_289012581254555_1346517466_n.jpg\"><img loading=\"lazy\" class=\"alignnone size-thumbnail wp-image-631\" title=\"zumba!\" src=\"https:\/\/krewaktywni.org\/wp-content\/uploads\/2012\/10\/1512290_289012581254555_1346517466_n-150x150.jpg\" alt=\"\" width=\"150\" height=\"150\" \/><\/a><a href=\"https:\/\/krewaktywni.org\/wp-content\/uploads\/2012\/10\/10013646_289012534587893_2010070868_n.jpg\"><img loading=\"lazy\" class=\"alignnone size-thumbnail wp-image-630\" title=\"zumba!\" src=\"https:\/\/krewaktywni.org\/wp-content\/uploads\/2012\/10\/10013646_289012534587893_2010070868_n-150x150.jpg\" alt=\"\" width=\"150\" height=\"150\" \/><\/a><\/p>\n<p><a href=\"https:\/\/krewaktywni.org\/wp-content\/uploads\/2012\/10\/10013646_289012534587893_2010070868_n.jpg\"><\/a><a href=\"https:\/\/krewaktywni.org\/wp-content\/uploads\/2012\/10\/1970882_289012411254572_895978554_n.jpg\"><img loading=\"lazy\" class=\"alignnone size-thumbnail wp-image-629\" title=\"zumba!\" src=\"https:\/\/krewaktywni.org\/wp-content\/uploads\/2012\/10\/1970882_289012411254572_895978554_n-150x150.jpg\" alt=\"\" width=\"150\" height=\"150\" \/><\/a><a href=\"https:\/\/krewaktywni.org\/wp-content\/uploads\/2012\/10\/1920305_289012644587882_354212284_n.jpg\"><img loading=\"lazy\" class=\"alignnone size-thumbnail wp-image-628\" title=\"zumba!\" src=\"https:\/\/krewaktywni.org\/wp-content\/uploads\/2012\/10\/1920305_289012644587882_354212284_n-150x150.jpg\" alt=\"\" width=\"150\" height=\"150\" \/><\/a><a href=\"https:\/\/krewaktywni.org\/wp-content\/uploads\/2012\/10\/1536646_289012624587884_1729015371_n.jpg\"><img loading=\"lazy\" class=\"alignnone size-thumbnail wp-image-627\" title=\"zumba!\" src=\"https:\/\/krewaktywni.org\/wp-content\/uploads\/2012\/10\/1536646_289012624587884_1729015371_n-150x150.jpg\" alt=\"\" width=\"150\" height=\"150\" \/><\/a><\/p>\n<p>&nbsp;<\/p>\n<p>&#8212;&#8212;&#8212;&#8212;&#8212;&#8212;&#8212;&#8212;<\/p>\n<p>Amatorska dru\u017cyna siatkarska &#8220;Stowarzyszenie KrewAktywni&#8221;<\/p>\n<p>&nbsp;<\/p>\n<p><img class=\"alignnone\" src=\"https:\/\/krewaktywni.org\/wp-content\/uploads\/2015\/01\/siatkowka1.JPG\" alt=\"\" width=\"300\" \/><\/p>\n<p>&nbsp;<\/p>\n<p>&nbsp;<\/p>\n<p>&nbsp;<\/p>\n","protected":false},"excerpt":{"rendered":"<p>\u201eSp\u0119d\u017a sobot\u0119 aktywnie, wp\u0142ynie to na Ciebie pozytywnie!\u201d Regulamin udzia\u0142u w zaj\u0119ciach. &nbsp; CAPOEIRA! ZUMBA! &nbsp; &#8212;&#8212;&#8212;&#8212;&#8212;&#8212;&#8212;&#8212; Amatorska dru\u017cyna siatkarska &#8220;Stowarzyszenie KrewAktywni&#8221; &nbsp; &nbsp; &nbsp; &nbsp;<\/p>\n","protected":false},"author":1,"featured_media":0,"parent":18,"menu_order":4,"comment_status":"open","ping_status":"open","template":"","meta":[],"_links":{"self":[{"href":"https:\/\/krewaktywni.org\/index.php\/wp-json\/wp\/v2\/pages\/29"}],"collection":[{"href":"https:\/\/krewaktywni.org\/index.php\/wp-json\/wp\/v2\/pages"}],"about":[{"href":"https:\/\/krewaktywni.org\/index.php\/wp-json\/wp\/v2\/types\/page"}],"author":[{"embeddable":true,"href":"https:\/\/krewaktywni.org\/index.php\/wp-json\/wp\/v2\/users\/1"}],"replies":[{"embeddable":true,"href":"https:\/\/krewaktywni.org\/index.php\/wp-json\/wp\/v2\/comments?post=29"}],"version-history":[{"count":14,"href":"https:\/\/krewaktywni.org\/index.php\/wp-json\/wp\/v2\/pages\/29\/revisions"}],"predecessor-version":[{"id":738,"href":"https:\/\/krewaktywni.org\/index.php\/wp-json\/wp\/v2\/pages\/29\/revisions\/738"}],"up":[{"embeddable":true,"href":"https:\/\/krewaktywni.org\/index.php\/wp-json\/wp\/v2\/pages\/18"}],"wp:attachment":[{"href":"https:\/\/krewaktywni.org\/index.php\/wp-json\/wp\/v2\/media?parent=29"}],"curies":[{"name":"wp","href":"https:\/\/api.w.org\/{rel}","templated":true}]}}