{"id":702,"date":"2014-09-27T17:49:50","date_gmt":"2014-09-27T16:49:50","guid":{"rendered":"http:\/\/krewaktywni.org\/?page_id=702"},"modified":"2016-02-03T14:51:40","modified_gmt":"2016-02-03T13:51:40","slug":"zarzad","status":"publish","type":"page","link":"https:\/\/krewaktywni.org\/index.php\/o-nas\/zarzad\/","title":{"rendered":"Zarz\u0105d"},"content":{"rendered":"<p><strong>Zarz\u0105d Stowarzyszenia KrewAktywni<\/strong><\/p>\n<ul>\n<li>Lechos\u0142aw Dzier\u017cak &#8211; Prezes Stowarzyszenia<\/li>\n<li>Ewelina Banach &#8211; Sekretarz Stowarzyszenia<\/li>\n<li>Martyna Jakimowicz &#8211; Skarbnik Stowarzyszenia<\/li>\n<li>Anna Krzymi\u0144ska<\/li>\n<li>Adam \u017b\u00f3raw<\/li>\n<\/ul>\n<p>&nbsp;<\/p>\n<p style=\"text-align: right;\"><span style=\"color: #c0c0c0;\">Zarz\u0105d Stowarzyszenia zosta\u0142 wybrany na Walnym Zgromadzeniu Cz\u0142onk\u00f3w Stowarzyszenia KrewAktywni 2 lutego 2016 roku. <\/span><\/p>\n","protected":false},"excerpt":{"rendered":"<p>Zarz\u0105d Stowarzyszenia KrewAktywni Lechos\u0142aw Dzier\u017cak &#8211; Prezes Stowarzyszenia Ewelina Banach &#8211; Sekretarz Stowarzyszenia Martyna Jakimowicz &#8211; Skarbnik Stowarzyszenia Anna Krzymi\u0144ska Adam \u017b\u00f3raw &nbsp; Zarz\u0105d Stowarzyszenia zosta\u0142 wybrany na Walnym Zgromadzeniu Cz\u0142onk\u00f3w Stowarzyszenia KrewAktywni 2 lutego 2016 roku.<\/p>\n","protected":false},"author":1,"featured_media":0,"parent":8,"menu_order":10,"comment_status":"open","ping_status":"open","template":"","meta":[],"_links":{"self":[{"href":"https:\/\/krewaktywni.org\/index.php\/wp-json\/wp\/v2\/pages\/702"}],"collection":[{"href":"https:\/\/krewaktywni.org\/index.php\/wp-json\/wp\/v2\/pages"}],"about":[{"href":"https:\/\/krewaktywni.org\/index.php\/wp-json\/wp\/v2\/types\/page"}],"author":[{"embeddable":true,"href":"https:\/\/krewaktywni.org\/index.php\/wp-json\/wp\/v2\/users\/1"}],"replies":[{"embeddable":true,"href":"https:\/\/krewaktywni.org\/index.php\/wp-json\/wp\/v2\/comments?post=702"}],"version-history":[{"count":3,"href":"https:\/\/krewaktywni.org\/index.php\/wp-json\/wp\/v2\/pages\/702\/revisions"}],"predecessor-version":[{"id":778,"href":"https:\/\/krewaktywni.org\/index.php\/wp-json\/wp\/v2\/pages\/702\/revisions\/778"}],"up":[{"embeddable":true,"href":"https:\/\/krewaktywni.org\/index.php\/wp-json\/wp\/v2\/pages\/8"}],"wp:attachment":[{"href":"https:\/\/krewaktywni.org\/index.php\/wp-json\/wp\/v2\/media?parent=702"}],"curies":[{"name":"wp","href":"https:\/\/api.w.org\/{rel}","templated":true}]}}